{"id":336,"date":"2026-01-15T16:44:59","date_gmt":"2026-01-15T15:44:59","guid":{"rendered":"https:\/\/gardenplast.pl\/?page_id=336"},"modified":"2026-03-04T13:41:50","modified_gmt":"2026-03-04T12:41:50","slug":"polityka-prywatnosci","status":"publish","type":"page","link":"https:\/\/gardenplast.pl\/de\/polityka-prywatnosci\/","title":{"rendered":"Datenschutzerkl\u00e4rung"},"content":{"rendered":"<p>Diese Datenschutzrichtlinie wurde im Zusammenhang mit dem Inkrafttreten der Verordnung des europ\u00e4ischen Parlaments und des rates (EU) Nummer 2016\/679 vom 27 April 2016 zum Schutz nat\u00fcrlicher Personen bei der Verarbeitung personenbezogener Daten und zum freien Datenverkehr sowie zur Aufhebung der Richtlinie 95\/46\/EG (Amtsblatt der europ\u00e4ischen Union L 119\/1 mit 4.52016; im folgenden: GDPR). Ziel der Richtlinie ist, insbesondere die Ausf\u00fchrung der Informations-Verpflichtung des in den Artikeln 13 und 14 GDPR.<\/p>\n\n\n\n<p>1. Der Administrator der pers\u00f6nlichen Daten, die im Rahmen des Dienstes verarbeitet www.gardenplast.pl (nachfolgend Service) ist:<\/p>\n\n\n\n<p><strong>GardenPlast Pasterak Sikora Sp\u00f3\u0142ka komandytowa<\/strong><\/p>\n\n\n\n<p><strong>Sitz: Plac Kili\u0144skiego 1; 32-660 Che\u0142mek,<\/strong><\/p>\n\n\n\n<p><strong>registriert Landgericht in Bielsko-Biala,<\/strong><\/p>\n\n\n\n<p><strong>VIII Wirtschaftsabteilung des Nationalen gerichtlichen Registry<\/strong><\/p>\n\n\n\n<p><strong>KRS: 0000573376, Umsatzsteuer-Identifikationsnummer: 9372625600 (im folgenden: Administrator).<\/strong><\/p>\n\n\n\n<p>2. Der Administrator kann die Verarbeitung einige Daten, einschlie\u00dflich personenbezogener Daten von Benutzern, die im Zusammenhang mit der Erbringung bestimmter Dienstleistungen (Newsletter, Kontaktformular) sowie mit der T\u00e4tigkeit des Benutzers auf der Website.<\/p>\n\n\n\n<p>3. Rechtliche Grundlage f\u00fcr die Verarbeitung Ihrer personenbezogenen Daten ist:<\/p>\n\n\n\n<p>und. Einwilligung (Artikel 6 Absatz 1 lit. A GDPR) oder die Notwendigkeit der Verarbeitung f\u00fcr die Erf\u00fcllung des Vertrages \u00fcber die Erbringung von Dienstleistungen (Artikel 6 Absatz 1 lit. B GDPR) - bei Verwendung von Newsletter oder das Kontaktformular,<\/p>\n\n\n\n<p>B. ein berechtigtes Interesse des Administrators (Artikel 6 (1) F GDPR) im Falle der Erhebung von Daten zu statistischen und analytischen Zwecken, D. H. zur Untersuchung der Aktivit\u00e4t und Vorlieben der Nutzer der Website und Verbesserung der Funktionalit\u00e4t der Website und der erbrachten Leistungen (insbesondere mithilfe von so genannten cookie-Dateien).<\/p>\n\n\n\n<p>4. Newsletter-Newsletter-Dienst besteht aus der periodischen senden von kommerziellen Informationen \u00fcber die Produkte des Administrators, insbesondere den dargestellten angeboten und \u00fcber den Dienst, d.h. \u00fcber Marken, Muster. F\u00fcr den Erhalt des Newsletters m\u00fcssen Sie nur Ihre E-Mail-Adresse. Die Bereitstellung der E-Mail-Adresse entspricht einer Zustimmung zur Nutzung dieser Dienste. Die Einwilligung kann jederzeit widerrufen werden.<\/p>\n\n\n\n<p>5. Kontaktformular-Service, mit dem Sie Fragen stellen Administrator, insbesondere im Zusammenhang mit Marken von Produkte, aber auch die Kommunikation und Kontakte in einem anderen Bereich. Benutzer m\u00fcssen mindestens Daten, mit denen der Admin den Kontakt mit ihm. Die Bereitstellung von weiteren Daten erfolgt freiwillig.<\/p>\n\n\n\n<p>6. Cookies sind Computerdaten, insbesondere Textdateien, die gespeichert sind, auf dem Endger\u00e4t des Nutzers und sind f\u00fcr den Einsatz von Web-Sites. Cookies enthalten f\u00fcr gew\u00f6hnlich den Namen der Website, von der Sie stammen, die Zeit Ihrer Aufbewahrung auf dem Endger\u00e4t und eine eindeutige Nummer.Der Dienst verwendet cookie-Dateien, die wie folgt unterteilt:<\/p>\n\n\n\n<p>A. \u201enotwendige \" - das hei\u00dft es erm\u00f6glichen, Dienstleistungen im Rahmen der Website, wie zum Beispiel Unterst\u00fctzung der Sitzung nach dem einloggen des Benutzers in das System,<\/p>\n\n\n\n<p>B. \"Funktionalit\u00e4ts\" - Dateien, die es erm\u00f6glichen, \u201espeichern \" werden die ausgew\u00e4hlten Einstellungen und die Personalisierung der Schnittstelle,<\/p>\n\n\n\n<p>C. Sicherheit - Sicherheit Hilfe,<\/p>\n\n\n\n<p>D. \"Performance\" - Dateien, mit denen Informationen dar\u00fcber sammeln, wie Sie die Webseite nutzen.<\/p>\n\n\n\n<p>Der Benutzer kann die Verwendung von Cookies jederzeit \u00e4ndern. Die meisten Browser bieten die M\u00f6glichkeit, alle Cookies zu akzeptieren oder abzulehnen, nur bestimmte Arten zu akzeptieren oder Sie jedes Mal zu informieren, wenn eine Website versucht, sie zu setzen. Der Nutzer kann auch bereits auf dem Ger\u00e4t gespeicherte Cookies einfach \u00fcber den Browser l\u00f6schen. Die M\u00f6glichkeiten zur Verwaltung und L\u00f6schung von Cookies variieren je nach verwendetem Browser. Alle notwendigen Informationen finden Sie \u00fcber die Hilfefunktion Ihres Browsers oder auf der Website http:\/\/www.aboutcookies.org\/, auf der erkl\u00e4rt wird, wie Sie Cookies in den g\u00e4ngigsten Browsern steuern und l\u00f6schen. Bedenken Sie, dass das Blockieren aller Cookies zu Betriebsst\u00f6rungen f\u00fchren oder die Nutzung einiger Funktionen der Website vollst\u00e4ndig verhindern kann.<\/p>\n\n\n\n<p>Um Cookies zu analysieren und zu verwenden, verwendet der Administrator das Google Analitycs-Tool (wenn der Benutzer keine Daten weitergeben m\u00f6chte, die von Google verwendet werden k\u00f6nnen, kann er zus\u00e4tzlich ein spezielles Browser-Add-on herunterladen \u2013 https:\/\/tools.google.com\/dlpage\/gaoptout?hl=pl).<\/p>\n\n\n\n<p>7. Ihre Daten werden nicht l\u00e4nger gespeichert als n\u00f6tig, d.h. nicht l\u00e4nger als f\u00fcr die Dauer der Nutzung des Dienstes oder der Durchf\u00fchrung der Kommunikation. Im Falle der Zustimmung-wir verarbeiten die Daten werden nicht l\u00e4nger als innerhalb der Frist der Erbringung der Dienstleistung oder sonstigen Leistungen, auf die sich die Zustimmung.<\/p>\n\n\n\n<p>8. Empf\u00e4nger Ihrer personenbezogenen Daten werden die Themen, denen wir verpflichtet sind, Daten in \u00fcbereinstimmung mit geltendem Recht (Z. B. Justiz, Finanzamt), sowie Themen, die uns zus\u00e4tzliche Dienstleistungen im Zusammenhang mit der Durchf\u00fchrung des Services oder die Bereitstellung der Services oder andere Leistungen (bei Zustimmung), d.h., insbesondere die Subjekte, Hosting-Dienstleister, IT, Marketing und dergleichen. Mit solchen Themen haben wir die entsprechenden Vertr\u00e4ge unterzeichnet werden, damit eine angemessene Sicherheit und Einhaltung der Gesetze.<\/p>\n\n\n\n<p>9. Sie haben das Recht auf Auskunft \u00fcber Ihre Daten, einschlie\u00dflich des Anspruchs auf eine Kopie, das Recht auf Berichtigung, das Recht auf L\u00f6schung (in bestimmten F\u00e4llen), das Recht, Beschwerde bei einer f\u00fcr den Datenschutz zust\u00e4ndigen Aufsichtsbeh\u00f6rde einzulegen, und das Recht auf Einschr\u00e4nkung der Datenverarbeitung. Soweit Ihre Daten auf Grundlage Ihrer Einwilligung verarbeitet werden, k\u00f6nnen Sie zus\u00e4tzlich Ihr Recht auf Widerruf dieser Einwilligung aus\u00fcben (der Widerruf ber\u00fchrt nicht die Rechtm\u00e4\u00dfigkeit der aufgrund der Einwilligung bis zum Widerruf erfolgten Verarbeitung). Sie haben au\u00dferdem das Recht auf Daten\u00fcbertragbarkeit, d. h. das Recht, Ihre personenbezogenen Daten vom Verantwortlichen in einem strukturierten, g\u00e4ngigen und maschinenlesbaren Format zu erhalten. Sie haben das Recht, der Verarbeitung Ihrer Daten zu Marketingzwecken zu widersprechen, wenn die Verarbeitung auf dem berechtigten Interesse des Verantwortlichen beruht, und \u2013 aus Gr\u00fcnden, die sich aus Ihrer besonderen Situation ergeben \u2013 in anderen F\u00e4llen, in denen die Rechtsgrundlage f\u00fcr die Datenverarbeitung das berechtigte Interesse des Verantwortlichen ist (z. B. im Zusammenhang mit der Durchf\u00fchrung von Analyse- und Statistikzwecken).<\/p>\n\n\n\n<p>10. Auf der Grundlage der Administrator Ihrer personenbezogenen Daten nicht akzeptieren automatisierte Entscheidung gegen Sie, einschlie\u00dflich Entscheidungen, die das Ergebnis Profiling.<\/p>\n\n\n\n<p>11. In \u00fcbereinstimmung mit Absatz 11a Eure Daten nicht in L\u00e4nder au\u00dferhalb des EWR \u00fcbertragen werden.<\/p>\n\n\n\n<p>11A. Newsletter nutzen Sie die Plattform Mailchimp, der Hauptsitz und dem Server befinden sich in den USA, so dass bestimmte pers\u00f6nliche Daten k\u00f6nnen in L\u00e4nder au\u00dferhalb des EWR \u00fcbertragen, die im Zusammenhang mit diesem Dienst. Nach den Versicherungen der dem Diensteanbieter, sofern alle Sicherheitsanforderungen, insbesondere die sich aus den Entscheidungen der Exekutive der Kommission (EU) 2021\/914 vom 4. Juni 2021. \u00fcber die Standard-vertragliche Bestimmungen \u00fcber die \u00fcbermittlung personenbezogener Daten an Drittl\u00e4nder gem\u00e4\u00df der Verordnung des europ\u00e4ischen Parlaments und des rates (EU) 2016\/679 und der Empfehlung 01\/2020 des europ\u00e4ischen rates f\u00fcr den Schutz der Daten, \u00fcber die Ma\u00dfnahmen erg\u00e4nzen die Werkzeuge \u00fcbertragen, um die Einhaltung der Grad des Schutzes personenbezogener Daten in der EU.<\/p>\n\n\n\n<p>Weitere Informationen finden Sie unter https:\/\/mailchimp.com\/help\/mailchimp-european-data-transfers\/<\/p>","protected":false},"excerpt":{"rendered":"<p>Niniejsza polityka prywatno\u015bci zosta\u0142a przyj\u0119ta w zwi\u0105zku z wej\u015bciem w \u017cycie rozporz\u0105dzenia Parlamentu Europejskiego i Rady (UE) nr 2016\/679 z dnia 27 kwietnia 2016 r. w sprawie ochrony os\u00f3b fizycznych w zwi\u0105zku z przetwarzaniem danych osobowych i w sprawie swobodnego przep\u0142ywu takich danych oraz uchylenia dyrektywy 95\/46\/WE (Dziennik Urz\u0119dowy Unii Europejskiej nr L 119\/1 z [&hellip;]<\/p>\n","protected":false},"author":1,"featured_media":0,"parent":0,"menu_order":0,"comment_status":"closed","ping_status":"closed","template":"flexible_sections.php","meta":{"footnotes":""},"class_list":["post-336","page","type-page","status-publish","hentry"],"acf":[],"_links":{"self":[{"href":"https:\/\/gardenplast.pl\/de\/wp-json\/wp\/v2\/pages\/336","targetHints":{"allow":["GET"]}}],"collection":[{"href":"https:\/\/gardenplast.pl\/de\/wp-json\/wp\/v2\/pages"}],"about":[{"href":"https:\/\/gardenplast.pl\/de\/wp-json\/wp\/v2\/types\/page"}],"author":[{"embeddable":true,"href":"https:\/\/gardenplast.pl\/de\/wp-json\/wp\/v2\/users\/1"}],"replies":[{"embeddable":true,"href":"https:\/\/gardenplast.pl\/de\/wp-json\/wp\/v2\/comments?post=336"}],"version-history":[{"count":2,"href":"https:\/\/gardenplast.pl\/de\/wp-json\/wp\/v2\/pages\/336\/revisions"}],"predecessor-version":[{"id":788,"href":"https:\/\/gardenplast.pl\/de\/wp-json\/wp\/v2\/pages\/336\/revisions\/788"}],"wp:attachment":[{"href":"https:\/\/gardenplast.pl\/de\/wp-json\/wp\/v2\/media?parent=336"}],"curies":[{"name":"wp","href":"https:\/\/api.w.org\/{rel}","templated":true}]}}