{"id":228,"date":"2026-01-10T19:23:18","date_gmt":"2026-01-10T18:23:18","guid":{"rendered":"https:\/\/gardenplast.pl\/?page_id=228"},"modified":"2026-03-23T10:56:13","modified_gmt":"2026-03-23T09:56:13","slug":"o-firmie","status":"publish","type":"page","link":"https:\/\/gardenplast.pl\/fr\/o-firmie\/","title":{"rendered":"\u00c0 propos de la soci\u00e9t\u00e9"},"content":{"rendered":"","protected":false},"excerpt":{"rendered":"","protected":false},"author":1,"featured_media":0,"parent":0,"menu_order":0,"comment_status":"closed","ping_status":"closed","template":"flexible_sections.php","meta":{"footnotes":""},"class_list":["post-228","page","type-page","status-publish","hentry"],"acf":[],"_links":{"self":[{"href":"https:\/\/gardenplast.pl\/fr\/wp-json\/wp\/v2\/pages\/228","targetHints":{"allow":["GET"]}}],"collection":[{"href":"https:\/\/gardenplast.pl\/fr\/wp-json\/wp\/v2\/pages"}],"about":[{"href":"https:\/\/gardenplast.pl\/fr\/wp-json\/wp\/v2\/types\/page"}],"author":[{"embeddable":true,"href":"https:\/\/gardenplast.pl\/fr\/wp-json\/wp\/v2\/users\/1"}],"replies":[{"embeddable":true,"href":"https:\/\/gardenplast.pl\/fr\/wp-json\/wp\/v2\/comments?post=228"}],"version-history":[{"count":6,"href":"https:\/\/gardenplast.pl\/fr\/wp-json\/wp\/v2\/pages\/228\/revisions"}],"predecessor-version":[{"id":859,"href":"https:\/\/gardenplast.pl\/fr\/wp-json\/wp\/v2\/pages\/228\/revisions\/859"}],"wp:attachment":[{"href":"https:\/\/gardenplast.pl\/fr\/wp-json\/wp\/v2\/media?parent=228"}],"curies":[{"name":"wp","href":"https:\/\/api.w.org\/{rel}","templated":true}]}}