{"id":336,"date":"2026-01-15T16:44:59","date_gmt":"2026-01-15T15:44:59","guid":{"rendered":"https:\/\/gardenplast.pl\/?page_id=336"},"modified":"2026-03-04T13:41:50","modified_gmt":"2026-03-04T12:41:50","slug":"polityka-prywatnosci","status":"publish","type":"page","link":"https:\/\/gardenplast.pl\/fr\/polityka-prywatnosci\/","title":{"rendered":"Politique de confidentialit\u00e9"},"content":{"rendered":"<p>Cette politique de confidentialit\u00e9 a \u00e9t\u00e9 adopt\u00e9e dans le cadre de l'entr\u00e9e en vigueur du r\u00e8glement (UE) n\u00b0 2016\/679 du Parlement europ\u00e9en et du Conseil du 27 avril 2016 concernant la protection des personnes physiques en mati\u00e8re de traitement des donn\u00e9es personnelles et de libre circulation de ces donn\u00e9es et de la directive abrogeant 95\/46 \/ CE (Journal officiel de l'Union europ\u00e9enne n\u00b0 L 119\/1 du 4.52016 ; ci-apr\u00e8s : RGPD). L'objectif de la politique est notamment de remplir l'obligation d'information vis\u00e9e aux articles 13 et 14 du RGPD.<\/p>\n\n\n\n<p>1. L'administrateur des donn\u00e9es personnelles trait\u00e9es dans le cadre du site Web www.gardenplast.pl (ci-apr\u00e8s le site Web) est :<\/p>\n\n\n\n<p><strong>Gardenplast Pasterak Sikora Sp\u00f3\u0142ka Komandytowa<\/strong><\/p>\n\n\n\n<p><strong>avec son si\u00e8ge \u00e0 Plac Kili\u0144skiego 1 ; 32-660 Che\u0142mek,<\/strong><\/p>\n\n\n\n<p><strong>Enregistr\u00e9 au tribunal de district de Bielsko-Bia\u0142a,<\/strong><\/p>\n\n\n\n<p><strong>8e division commerciale du registre des tribunaux nationaux,<\/strong><\/p>\n\n\n\n<p><strong>KRS\u00a0:\u00a00000573376, NIP\u00a0:\u00a09372625600 (ci-apr\u00e8s\u00a0: administrateur).<\/strong><\/p>\n\n\n\n<p>2. L'Administrateur peut traiter certaines donn\u00e9es, y compris les donn\u00e9es personnelles des utilisateurs du site Web, en relation avec la fourniture de certains services (bulle d'information, formulaire de contact), ainsi que l'activit\u00e9 de l'utilisateur sur le site Web.<\/p>\n\n\n\n<p>3. La base l\u00e9gale pour le traitement de vos donn\u00e9es personnelles est :<\/p>\n\n\n\n<p>un. Consentement (article 6(1)(a) du RGPD) ou besoin de traitement pour ex\u00e9cuter l'accord de service (article 6(1)(b) du RGPD) \u2014 en cas d'utilisation de la newsletter ou du formulaire de contact,<\/p>\n\n\n\n<p>B. L'int\u00e9r\u00eat l\u00e9gitime de l'administrateur (article 6 (1) (f) du RGPD) dans le cas de la collecte de donn\u00e9es \u00e0 des fins analytiques et statistiques, c'est-\u00e0-dire visant \u00e0 examiner l'activit\u00e9 et les pr\u00e9f\u00e9rences des utilisateurs du site Web et \u00e0 am\u00e9liorer les fonctionnalit\u00e9s du site Web et des services fournis (en particulier cookies).<\/p>\n\n\n\n<p>4. Newsletter - Le service de newsletter consiste \u00e0 envoyer p\u00e9riodiquement des informations commerciales sur les produits de l'administrateur, notamment pr\u00e9sent\u00e9s et propos\u00e9s via le site Web, c'est-\u00e0-dire concernant les marques de produits. Veuillez fournir une adresse e-mail uniquement afin de recevoir la newsletter. Fournir une adresse e-mail \u00e9quivaut \u00e0 consentir \u00e0 l'utilisation de ce service. Le consentement peut \u00eatre retir\u00e9 \u00e0 tout moment.<\/p>\n\n\n\n<p>5. Formulaire de contact - Un service qui vous permet de poser des questions \u00e0 l'administrateur, en particulier en relation avec les marques de produits, ainsi que la communication et les contacts dans un champ d'application diff\u00e9rent. L'utilisateur doit fournir au moins les donn\u00e9es qui permettent \u00e0 l'administrateur de le contacter. La fourniture d'autres donn\u00e9es est volontaire.<\/p>\n\n\n\n<p>6. Les cookies sont des donn\u00e9es informatiques, en particulier des fichiers texte, qui sont stock\u00e9s sur le p\u00e9riph\u00e9rique final de l'utilisateur et sont destin\u00e9s \u00e0 l'utilisation de sites Web. Les cookies contiennent g\u00e9n\u00e9ralement le nom du site Web dont ils proviennent, l'heure de leur stockage sur l'appareil final et un num\u00e9ro unique. Le service utilise des cookies, qui peuvent \u00eatre divis\u00e9s comme suit\u00a0:<\/p>\n\n\n\n<p>un. \"n\u00e9cessaire\" - c'est-\u00e0-dire permettre l'utilisation des services disponibles sur le site Web, par ex. Maintenance de la session apr\u00e8s la connexion \u00e0 l'utilisateur,<\/p>\n\n\n\n<p>B. \"Fonctionnel\" - fichiers qui vous permettent de \"se souvenir\" des param\u00e8tres s\u00e9lectionn\u00e9s et d'affecter la personnalisation de l'interface,<\/p>\n\n\n\n<p>C. \"S\u00e9curit\u00e9\" - soutenant l'assurance de la s\u00e9curit\u00e9,<\/p>\n\n\n\n<p>d. \"Performance\" - Fichiers qui vous permettent de collecter des informations sur la fa\u00e7on dont le site Web est utilis\u00e9.<\/p>\n\n\n\n<p>Vous pouvez modifier vos pr\u00e9f\u00e9rences en mati\u00e8re de cookies \u00e0 tout moment. La plupart des navigateurs vous permettent d'accepter ou de refuser tous les cookies, d'accepter uniquement certains types ou de recevoir une notification \u00e0 chaque fois qu'un site web tente d'enregistrer un cookie. Vous pouvez \u00e9galement supprimer facilement les cookies d\u00e9j\u00e0 enregistr\u00e9s sur votre appareil via votre navigateur. Les options de gestion et de suppression des cookies varient selon le navigateur utilis\u00e9. Vous trouverez toutes les informations n\u00e9cessaires dans la fonction d'aide de votre navigateur ou sur le site http:\/\/www.aboutcookies.org\/, qui explique comment contr\u00f4ler et supprimer les cookies dans les navigateurs les plus courants. Veuillez noter que le blocage de tous les cookies peut entra\u00eener des probl\u00e8mes de performance ou vous emp\u00eacher d'utiliser certaines fonctionnalit\u00e9s des sites web.<\/p>\n\n\n\n<p>Afin d'analyser et d'utiliser les cookies, l'administrateur utilise l'outil Google Analytics (si l'utilisateur ne souhaite pas partager de donn\u00e9es susceptibles d'\u00eatre utilis\u00e9es par Google, il peut t\u00e9l\u00e9charger un module compl\u00e9mentaire d\u00e9di\u00e9 pour son navigateur \u2013 https:\/\/tools.google.com\/dlpage\/gaoptout?hl=pl).<\/p>\n\n\n\n<p>7. Vos donn\u00e9es ne seront stock\u00e9es que n\u00e9cessaire, c'est-\u00e0-dire pas plus longtemps que pendant la dur\u00e9e d'utilisation du site Web ou de communication. En cas de consentement, nous ne traiterons les donn\u00e9es que pendant la dur\u00e9e du service ou d'autres services auxquels le consentement s'applique.<\/p>\n\n\n\n<p>8. Les destinataires de vos donn\u00e9es personnelles peuvent \u00eatre des entit\u00e9s auxquelles nous sommes oblig\u00e9s de fournir des donn\u00e9es en vertu de la loi applicable (par exemple, les autorit\u00e9s judiciaires, le bureau des imp\u00f4ts), ainsi que des entit\u00e9s qui nous fournissent des services de soutien, li\u00e9es au service ou \u00e0 la fourniture de services ou \u00e0 d\u2019autres avantages (en cas de consentement), c\u2019est-\u00e0-dire en particulier les entit\u00e9s fournissant des services de soutien. H\u00e9bergement, informatique, marketing et services similaires. Nous avons sign\u00e9 des contrats pertinents avec ces entit\u00e9s, garantissant une s\u00e9curit\u00e9 et le respect ad\u00e9quats de la loi.<\/p>\n\n\n\n<p>9. Rappelez-vous que vous avez le droit d'acc\u00e9der \u00e0 vos donn\u00e9es, y compris l'obtention d'une copie des donn\u00e9es, le droit de demander la rectification, le droit de supprimer des donn\u00e9es (dans certaines situations), le droit de d\u00e9poser une plainte aupr\u00e8s de l'autorit\u00e9 de contr\u00f4le portant sur la protection des donn\u00e9es personnelles, le droit de limiter le traitement des donn\u00e9es. Dans la mesure o\u00f9 vos donn\u00e9es sont trait\u00e9es sur la base du consentement, vous pouvez \u00e9galement exercer le droit de retirer le consentement dans la mesure o\u00f9 elles sont trait\u00e9es sur cette base (le retrait du consentement n'affecte pas la l\u00e9galit\u00e9 du traitement, qui a \u00e9t\u00e9 faite sur la base du consentement avant son retrait) et le droit de transfert personnel. donn\u00e9es, c'est-\u00e0-dire de recevoir vos donn\u00e9es personnelles de l'administrateur dans un format structur\u00e9 et lisible par la machine. L'utilisateur a le droit de s'opposer au traitement des donn\u00e9es \u00e0 des fins de marketing, si le traitement a lieu dans le cadre de l'int\u00e9r\u00eat l\u00e9gitime de l'administrateur, et - pour des raisons li\u00e9es \u00e0 la situation particuli\u00e8re de l'utilisateur - dans d'autres cas o\u00f9 l'attitude l\u00e9gale du traitement est l'int\u00e9r\u00eat l\u00e9gitime de l'administrateur (par exemple en relation avec la mise en \u0153uvre des finalit\u00e9s analytiques et statistiques).<\/p>\n\n\n\n<p>10. Sur la base de vos donn\u00e9es personnelles, l'administrateur ne prendra pas de d\u00e9cisions automatis\u00e9es contre vous, y compris les d\u00e9cisions r\u00e9sultant du profilage.<\/p>\n\n\n\n<p>11. Sous r\u00e9serve du point 11a, vos donn\u00e9es ne sont pas transf\u00e9r\u00e9es en dehors de la zone EEE.<\/p>\n\n\n\n<p>11a. Le service de newsletter est fourni par la plate-forme Mailchimp, dont l'op\u00e9rateur a son si\u00e8ge et ses serveurs aux \u00c9tats-Unis, de sorte que certaines donn\u00e9es personnelles peuvent \u00eatre transf\u00e9r\u00e9es en dehors de la zone EEE en relation avec ce service. Selon les assurances du prestataire de services, toutes les exigences de s\u00e9curit\u00e9 sont fournies, notamment r\u00e9sultant de la d\u00e9cision d'ex\u00e9cution (UE) 2021\/914 du 4 juin 2021 de la Commission. Concernant les clauses contractuelles types concernant le transfert de donn\u00e9es personnelles \u00e0 des pays tiers conform\u00e9ment au r\u00e8glement (UE) 2016\/679 du Parlement europ\u00e9en et du Conseil et de la recommandation 01\/2020 du Conseil europ\u00e9en de protection des donn\u00e9es, concernant des mesures compl\u00e9mentaires visant \u00e0 garantir le respect du degr\u00e9 de protection des donn\u00e9es personnelles de l'UE.<\/p>\n\n\n\n<p>Pour plus d'informations, veuillez consulter https:\/\/mailchimp.com\/help\/mailchimp-european-data-transfers\/<\/p>","protected":false},"excerpt":{"rendered":"<p>Niniejsza polityka prywatno\u015bci zosta\u0142a przyj\u0119ta w zwi\u0105zku z wej\u015bciem w \u017cycie rozporz\u0105dzenia Parlamentu Europejskiego i Rady (UE) nr 2016\/679 z dnia 27 kwietnia 2016 r. w sprawie ochrony os\u00f3b fizycznych w zwi\u0105zku z przetwarzaniem danych osobowych i w sprawie swobodnego przep\u0142ywu takich danych oraz uchylenia dyrektywy 95\/46\/WE (Dziennik Urz\u0119dowy Unii Europejskiej nr L 119\/1 z [&hellip;]<\/p>\n","protected":false},"author":1,"featured_media":0,"parent":0,"menu_order":0,"comment_status":"closed","ping_status":"closed","template":"flexible_sections.php","meta":{"footnotes":""},"class_list":["post-336","page","type-page","status-publish","hentry"],"acf":[],"_links":{"self":[{"href":"https:\/\/gardenplast.pl\/fr\/wp-json\/wp\/v2\/pages\/336","targetHints":{"allow":["GET"]}}],"collection":[{"href":"https:\/\/gardenplast.pl\/fr\/wp-json\/wp\/v2\/pages"}],"about":[{"href":"https:\/\/gardenplast.pl\/fr\/wp-json\/wp\/v2\/types\/page"}],"author":[{"embeddable":true,"href":"https:\/\/gardenplast.pl\/fr\/wp-json\/wp\/v2\/users\/1"}],"replies":[{"embeddable":true,"href":"https:\/\/gardenplast.pl\/fr\/wp-json\/wp\/v2\/comments?post=336"}],"version-history":[{"count":2,"href":"https:\/\/gardenplast.pl\/fr\/wp-json\/wp\/v2\/pages\/336\/revisions"}],"predecessor-version":[{"id":788,"href":"https:\/\/gardenplast.pl\/fr\/wp-json\/wp\/v2\/pages\/336\/revisions\/788"}],"wp:attachment":[{"href":"https:\/\/gardenplast.pl\/fr\/wp-json\/wp\/v2\/media?parent=336"}],"curies":[{"name":"wp","href":"https:\/\/api.w.org\/{rel}","templated":true}]}}